{"id":1981,"date":"2024-02-26T19:29:52","date_gmt":"2024-02-26T18:29:52","guid":{"rendered":"https:\/\/www.little-bandit.ch\/contact\/"},"modified":"2024-04-26T15:39:07","modified_gmt":"2024-04-26T13:39:07","slug":"contact","status":"publish","type":"page","link":"https:\/\/www.little-bandit.ch\/fr\/contact\/","title":{"rendered":"Contact"},"content":{"rendered":"<p><div class=\"fusion-fullwidth fullwidth-box fusion-builder-row-1 fusion-flex-container has-pattern-background has-mask-background nonhundred-percent-fullwidth non-hundred-percent-height-scrolling\" style=\"--awb-background-position:left top;--awb-background-blend-mode:overlay;--awb-border-sizes-top:0px;--awb-border-sizes-bottom:0px;--awb-border-sizes-left:0px;--awb-border-sizes-right:0px;--awb-border-radius-top-left:0px;--awb-border-radius-top-right:0px;--awb-border-radius-bottom-right:0px;--awb-border-radius-bottom-left:0px;--awb-padding-top:0px;--awb-padding-right:0px;--awb-padding-bottom:30px;--awb-padding-left:0px;--awb-flex-wrap:wrap;\" ><div class=\"fusion-builder-row fusion-row fusion-flex-align-items-stretch fusion-flex-content-wrap\" style=\"max-width:1216.8px;margin-left: calc(-4% \/ 2 );margin-right: calc(-4% \/ 2 );\"><div class=\"fusion-layout-column fusion_builder_column fusion-builder-column-0 fusion_builder_column_1_2 1_2 fusion-flex-column\" style=\"--awb-padding-top:100px;--awb-padding-right:8%;--awb-padding-bottom:100px;--awb-padding-left:8%;--awb-bg-blend:overlay;--awb-bg-size:cover;--awb-width-large:50%;--awb-margin-top-large:0px;--awb-spacing-right-large:3.84%;--awb-margin-bottom-large:0px;--awb-spacing-left-large:3.84%;--awb-width-medium:100%;--awb-order-medium:0;--awb-spacing-right-medium:1.92%;--awb-spacing-left-medium:1.92%;--awb-width-small:100%;--awb-order-small:0;--awb-spacing-right-small:1.92%;--awb-spacing-left-small:1.92%;\" data-scroll-devices=\"small-visibility,medium-visibility,large-visibility\"><div class=\"fusion-column-wrapper fusion-column-has-shadow fusion-flex-justify-content-flex-start fusion-content-layout-column\"><div class=\"fusion-title title fusion-title-1 fusion-sep-none fusion-title-text fusion-title-size-one\"><h1 class=\"fusion-title-heading title-heading-left fusion-responsive-typography-calculated\" style=\"margin:0;text-transform:none;--fontSize:35;line-height:1;\">Contact<\/h1><\/div><div class=\"fusion-separator\" style=\"align-self: flex-start;margin-right:auto;margin-top:0px;margin-bottom:40px;width:100%;max-width:200px;\"><div class=\"fusion-separator-border sep-single sep-solid\" style=\"--awb-height:20px;--awb-amount:20px;--awb-sep-color:var(--awb-color4);border-color:var(--awb-color4);border-top-width:3px;\"><\/div><\/div><div class=\"fusion-text fusion-text-1\"><div class=\"wpb_text_column wpb_content_element vc_custom_1424856183651\">\n<div class=\"wpb_wrapper\">\n<p><strong>Little Bandit<\/strong><br \/>\n\u00c9levage de Cairns Terriers dans l&rsquo;Emmental<br \/>\nSilvia &amp; Martin Schwarz<br \/>\nMutten 242<br \/>\nCH \u2013 3534 Signau<\/p>\n<\/div>\n<\/div>\n<div class=\"wpb_text_column wpb_content_element \">\n<div class=\"wpb_wrapper\">\n<p><a href=\"mailto:kontakt@little-bandit.ch\" target=\"_blank\" rel=\"noopener\">kontakt@little-bandit.ch<\/a><\/p>\n<\/div>\n<\/div>\n<div class=\"wpb_text_column wpb_content_element \">\n<div class=\"wpb_wrapper\">\n<h4>+41 79 390 58 78<\/h4>\n<\/div>\n<\/div>\n<\/div><div class=\"fusion-text fusion-text-2\"><p>Accessibilit\u00e9 t\u00e9l\u00e9phonique souvent un peu difficile pendant la journ\u00e9e. Le soir, g\u00e9n\u00e9ralement possible sans probl\u00e8me jusqu&rsquo;\u00e0 21h00 ou par e-mail \/ je peux alors rappeler.<\/p>\n<p>Notre maison se trouve \u00e0 un peu plus de 2 km en dehors du village de Signau. Depuis la gare de Signau, il y a assez exactement trois kilom\u00e8tres jusqu&rsquo;\u00e0 notre maison.<\/p>\n<\/div><\/div><\/div><div class=\"fusion-layout-column fusion_builder_column fusion-builder-column-1 fusion_builder_column_1_2 1_2 fusion-flex-column fusion-flex-align-self-flex-start\" style=\"--awb-padding-top:4%;--awb-padding-right:4%;--awb-padding-bottom:4%;--awb-padding-left:04%;--awb-bg-blend:overlay;--awb-bg-size:cover;--awb-box-shadow: 0px 0px ;;--awb-width-large:50%;--awb-margin-top-large:0px;--awb-spacing-right-large:3.84%;--awb-margin-bottom-large:0px;--awb-spacing-left-large:3.84%;--awb-width-medium:100%;--awb-order-medium:0;--awb-spacing-right-medium:1.92%;--awb-spacing-left-medium:1.92%;--awb-width-small:100%;--awb-order-small:0;--awb-spacing-right-small:1.92%;--awb-spacing-left-small:1.92%;\" data-scroll-devices=\"small-visibility,medium-visibility,large-visibility\"><div class=\"fusion-column-wrapper fusion-column-has-shadow fusion-flex-justify-content-flex-start fusion-content-layout-column\"><div class=\"fusion-separator fusion-full-width-sep\" style=\"align-self: center;margin-left: auto;margin-right: auto;margin-top:50px;width:100%;\"><\/div><div class=\"fusion-image-element \" style=\"text-align:center;--awb-caption-title-font-family:var(--h2_typography-font-family);--awb-caption-title-font-weight:var(--h2_typography-font-weight);--awb-caption-title-font-style:var(--h2_typography-font-style);--awb-caption-title-size:var(--h2_typography-font-size);--awb-caption-title-transform:var(--h2_typography-text-transform);--awb-caption-title-line-height:var(--h2_typography-line-height);--awb-caption-title-letter-spacing:var(--h2_typography-letter-spacing);\"><span class=\" fusion-imageframe imageframe-none imageframe-1 hover-type-none fusion-animated\" data-animationType=\"fadeInLeft\" data-animationDuration=\"1.0\" data-animationDelay=\"0.3\" data-animationOffset=\"top-into-view\"><img decoding=\"async\" width=\"768\" height=\"1024\" title=\"IMG_8962-768&#215;1024\" src=\"https:\/\/www.little-bandit.ch\/wp-content\/uploads\/2024\/02\/IMG_8962-768x1024-1.jpg\" data-orig-src=\"https:\/\/www.little-bandit.ch\/wp-content\/uploads\/2024\/02\/IMG_8962-768x1024-1.jpg\" alt class=\"lazyload img-responsive wp-image-1878\" srcset=\"data:image\/svg+xml,%3Csvg%20xmlns%3D%27http%3A%2F%2Fwww.w3.org%2F2000%2Fsvg%27%20width%3D%27768%27%20height%3D%271024%27%20viewBox%3D%270%200%20768%201024%27%3E%3Crect%20width%3D%27768%27%20height%3D%271024%27%20fill-opacity%3D%220%22%2F%3E%3C%2Fsvg%3E\" data-srcset=\"https:\/\/www.little-bandit.ch\/wp-content\/uploads\/2024\/02\/IMG_8962-768x1024-1-200x267.jpg 200w, https:\/\/www.little-bandit.ch\/wp-content\/uploads\/2024\/02\/IMG_8962-768x1024-1-400x533.jpg 400w, https:\/\/www.little-bandit.ch\/wp-content\/uploads\/2024\/02\/IMG_8962-768x1024-1-600x800.jpg 600w, https:\/\/www.little-bandit.ch\/wp-content\/uploads\/2024\/02\/IMG_8962-768x1024-1.jpg 768w\" data-sizes=\"auto\" data-orig-sizes=\"(max-width: 1024px) 100vw, (max-width: 640px) 100vw, 600px\" \/><\/span><\/div><\/div><\/div><\/div><\/div><div class=\"fusion-bg-parallax\" data-bg-align=\"center center\" data-direction=\"up\" data-mute=\"false\" data-opacity=\"100\" data-velocity=\"-0.6\" data-mobile-enabled=\"false\" data-break_parents=\"0\" data-bg-image=\"https:\/\/www.little-bandit.ch\/wp-content\/uploads\/2024\/03\/Joy-2023-Cairn-Terrier.jpg\" data-bg-repeat=\"false\" ><\/div><div class=\"fusion-fullwidth fullwidth-box fusion-builder-row-2 fusion-flex-container has-pattern-background has-mask-background fusion-parallax-up hundred-percent-fullwidth non-hundred-percent-height-scrolling lazyload\" style=\"--awb-border-sizes-top:0px;--awb-border-sizes-bottom:0px;--awb-border-sizes-left:0px;--awb-border-sizes-right:0px;--awb-border-radius-top-left:0px;--awb-border-radius-top-right:0px;--awb-border-radius-bottom-right:0px;--awb-border-radius-bottom-left:0px;--awb-padding-top:200px;--awb-padding-right:10%;--awb-padding-bottom:400px;--awb-padding-left:10%;--awb-background-size:cover;--awb-flex-wrap:wrap;\" data-bg=\"https:\/\/www.little-bandit.ch\/wp-content\/uploads\/2024\/03\/Joy-2023-Cairn-Terrier.jpg\" ><div class=\"fusion-builder-row fusion-row fusion-flex-align-items-flex-start fusion-flex-content-wrap\" style=\"width:104% !important;max-width:104% !important;margin-left: calc(-4% \/ 2 );margin-right: calc(-4% \/ 2 );\"><\/div><\/div><\/p>\n","protected":false},"excerpt":{"rendered":"","protected":false},"author":1,"featured_media":0,"parent":0,"menu_order":0,"comment_status":"closed","ping_status":"closed","template":"100-width.php","meta":{"footnotes":""},"class_list":["post-1981","page","type-page","status-publish","hentry"],"_links":{"self":[{"href":"https:\/\/www.little-bandit.ch\/fr\/wp-json\/wp\/v2\/pages\/1981","targetHints":{"allow":["GET"]}}],"collection":[{"href":"https:\/\/www.little-bandit.ch\/fr\/wp-json\/wp\/v2\/pages"}],"about":[{"href":"https:\/\/www.little-bandit.ch\/fr\/wp-json\/wp\/v2\/types\/page"}],"author":[{"embeddable":true,"href":"https:\/\/www.little-bandit.ch\/fr\/wp-json\/wp\/v2\/users\/1"}],"replies":[{"embeddable":true,"href":"https:\/\/www.little-bandit.ch\/fr\/wp-json\/wp\/v2\/comments?post=1981"}],"version-history":[{"count":5,"href":"https:\/\/www.little-bandit.ch\/fr\/wp-json\/wp\/v2\/pages\/1981\/revisions"}],"predecessor-version":[{"id":1986,"href":"https:\/\/www.little-bandit.ch\/fr\/wp-json\/wp\/v2\/pages\/1981\/revisions\/1986"}],"wp:attachment":[{"href":"https:\/\/www.little-bandit.ch\/fr\/wp-json\/wp\/v2\/media?parent=1981"}],"curies":[{"name":"wp","href":"https:\/\/api.w.org\/{rel}","templated":true}]}}