{"id":1998,"date":"2024-02-23T16:44:44","date_gmt":"2024-02-23T15:44:44","guid":{"rendered":"https:\/\/www.little-bandit.ch\/chiens\/"},"modified":"2024-04-26T18:01:15","modified_gmt":"2024-04-26T16:01:15","slug":"chiens","status":"publish","type":"page","link":"https:\/\/www.little-bandit.ch\/fr\/chiens\/","title":{"rendered":"Chiens"},"content":{"rendered":"<div class=\"fusion-bg-parallax\" data-bg-align=\"left top\" data-direction=\"up\" data-mute=\"false\" data-opacity=\"100\" data-velocity=\"-0.3\" data-mobile-enabled=\"false\" data-break_parents=\"0\" data-bg-image=\"https:\/\/www.little-bandit.ch\/wp-content\/uploads\/2024\/02\/Holz-Hint-scaled.jpg\" data-bg-repeat=\"false\" data-bg-color=\"rgba(255,255,255,0.24)\" data-blend-mode=\"overlay\" ><\/div><div class=\"fusion-fullwidth fullwidth-box fusion-builder-row-1 fusion-flex-container has-pattern-background has-mask-background fusion-parallax-up nonhundred-percent-fullwidth non-hundred-percent-height-scrolling lazyload\" style=\"--awb-background-position:left top;--awb-background-blend-mode:overlay;--awb-border-sizes-top:0px;--awb-border-sizes-bottom:0px;--awb-border-sizes-left:0px;--awb-border-sizes-right:0px;--awb-border-radius-top-left:0px;--awb-border-radius-top-right:0px;--awb-border-radius-bottom-right:0px;--awb-border-radius-bottom-left:0px;--awb-padding-top:0px;--awb-padding-right:0px;--awb-padding-bottom:30px;--awb-padding-left:0px;--awb-background-color:rgba(255,255,255,0.24);--awb-background-size:cover;--awb-flex-wrap:wrap;\" data-bg=\"https:\/\/www.little-bandit.ch\/wp-content\/uploads\/2024\/02\/Holz-Hint-scaled.jpg\" ><div class=\"fusion-builder-row fusion-row fusion-flex-align-items-stretch fusion-flex-content-wrap\" style=\"max-width:1216.8px;margin-left: calc(-4% \/ 2 );margin-right: calc(-4% \/ 2 );\"><div class=\"fusion-layout-column fusion_builder_column fusion-builder-column-0 fusion_builder_column_1_2 1_2 fusion-flex-column fusion-flex-align-self-flex-start\" style=\"--awb-padding-top:4%;--awb-padding-right:4%;--awb-padding-bottom:4%;--awb-padding-left:04%;--awb-bg-position:center center;--awb-bg-blend:overlay;--awb-bg-size:cover;--awb-box-shadow: 0px 0px ;;--awb-width-large:50%;--awb-margin-top-large:0px;--awb-spacing-right-large:3.84%;--awb-margin-bottom-large:0px;--awb-spacing-left-large:3.84%;--awb-width-medium:100%;--awb-order-medium:0;--awb-spacing-right-medium:1.92%;--awb-spacing-left-medium:1.92%;--awb-width-small:100%;--awb-order-small:0;--awb-spacing-right-small:1.92%;--awb-spacing-left-small:1.92%;\" data-scroll-devices=\"small-visibility,medium-visibility,large-visibility\"><div class=\"fusion-column-wrapper fusion-column-has-shadow fusion-flex-justify-content-flex-start fusion-content-layout-column\"><div class=\"fusion-separator fusion-full-width-sep\" style=\"align-self: center;margin-left: auto;margin-right: auto;margin-top:50px;width:100%;\"><\/div><div class=\"fusion-image-element \" style=\"--awb-caption-title-font-family:var(--h2_typography-font-family);--awb-caption-title-font-weight:var(--h2_typography-font-weight);--awb-caption-title-font-style:var(--h2_typography-font-style);--awb-caption-title-size:var(--h2_typography-font-size);--awb-caption-title-transform:var(--h2_typography-text-transform);--awb-caption-title-line-height:var(--h2_typography-line-height);--awb-caption-title-letter-spacing:var(--h2_typography-letter-spacing);\"><span class=\" fusion-imageframe imageframe-none imageframe-1 hover-type-none\"><img decoding=\"async\" width=\"1024\" height=\"768\" title=\"Timba-2023\" src=\"https:\/\/www.little-bandit.ch\/wp-content\/uploads\/2024\/02\/Timba-2023.jpg\" data-orig-src=\"https:\/\/www.little-bandit.ch\/wp-content\/uploads\/2024\/02\/Timba-2023.jpg\" alt class=\"lazyload img-responsive wp-image-1884\" srcset=\"data:image\/svg+xml,%3Csvg%20xmlns%3D%27http%3A%2F%2Fwww.w3.org%2F2000%2Fsvg%27%20width%3D%271024%27%20height%3D%27768%27%20viewBox%3D%270%200%201024%20768%27%3E%3Crect%20width%3D%271024%27%20height%3D%27768%27%20fill-opacity%3D%220%22%2F%3E%3C%2Fsvg%3E\" data-srcset=\"https:\/\/www.little-bandit.ch\/wp-content\/uploads\/2024\/02\/Timba-2023-200x150.jpg 200w, https:\/\/www.little-bandit.ch\/wp-content\/uploads\/2024\/02\/Timba-2023-400x300.jpg 400w, https:\/\/www.little-bandit.ch\/wp-content\/uploads\/2024\/02\/Timba-2023-600x450.jpg 600w, https:\/\/www.little-bandit.ch\/wp-content\/uploads\/2024\/02\/Timba-2023-800x600.jpg 800w, https:\/\/www.little-bandit.ch\/wp-content\/uploads\/2024\/02\/Timba-2023.jpg 1024w\" data-sizes=\"auto\" data-orig-sizes=\"(max-width: 1024px) 100vw, (max-width: 640px) 100vw, 600px\" \/><\/span><\/div><\/div><\/div><div class=\"fusion-layout-column fusion_builder_column fusion-builder-column-1 fusion_builder_column_1_2 1_2 fusion-flex-column\" style=\"--awb-padding-top:100px;--awb-padding-right:8%;--awb-padding-bottom:50px;--awb-padding-left:8%;--awb-bg-blend:overlay;--awb-bg-size:cover;--awb-width-large:50%;--awb-margin-top-large:0px;--awb-spacing-right-large:3.84%;--awb-margin-bottom-large:0px;--awb-spacing-left-large:3.84%;--awb-width-medium:100%;--awb-order-medium:0;--awb-spacing-right-medium:1.92%;--awb-spacing-left-medium:1.92%;--awb-width-small:100%;--awb-order-small:0;--awb-spacing-right-small:1.92%;--awb-spacing-left-small:1.92%;\" data-scroll-devices=\"small-visibility,medium-visibility,large-visibility\"><div class=\"fusion-column-wrapper fusion-column-has-shadow fusion-flex-justify-content-flex-start fusion-content-layout-column\"><div class=\"fusion-title title fusion-title-1 fusion-sep-none fusion-title-text fusion-title-size-one fusion-animated\" data-animationType=\"flipinx\" data-animationDuration=\"2.0\" data-animationOffset=\"top-into-view\"><h1 class=\"fusion-title-heading title-heading-left fusion-responsive-typography-calculated\" style=\"margin:0;text-transform:uppercase;--fontSize:35;line-height:1;\"><p><span style=\"color: #ffffff;\">Chienne actuelle<br \/>\n<\/span><\/p><\/h1><\/div><div class=\"fusion-separator\" style=\"align-self: flex-start;margin-right:auto;margin-top:0px;margin-bottom:40px;width:100%;max-width:200px;\"><div class=\"fusion-separator-border sep-single sep-solid\" style=\"--awb-height:20px;--awb-amount:20px;--awb-sep-color:var(--awb-color4);border-color:var(--awb-color4);border-top-width:3px;\"><\/div><\/div><div class=\"fusion-text fusion-text-1\"><p><span style=\"color: #ffffff;\">Nom : TIMBA <strong>du Spitalhof<\/strong><\/span><br \/>\n<span style=\"color: #ffffff;\">n\u00e9 : 29 septembre 2019<\/span><br \/>\n<span style=\"color: #ffffff;\">Couleur du poil : red<\/span><br \/>\n<span style=\"color: #ffffff;\">\u00c9leveur : Hannelore Schwensow, D- 73499 W\u00f6rt<\/span><br \/>\n<span style=\"color: #ffffff;\">Propri\u00e9taire : Silvia et Martin Schwarz, Mutten 242, 3534 Signau<\/span><br \/>\n<span style=\"color: #ffffff;\">Admission \u00e0 l&rsquo;\u00e9levage : 8 novembre 2020<\/span><br \/>\n<span style=\"color: #ffffff;\">Exempt de maladies oculaires h\u00e9r\u00e9ditaires (PRA et gonioscopie examin\u00e9es le 28 septembre 2020\/ H\u00f4pital universitaire de Berne)<\/span><\/p>\n<\/div><\/div><\/div><div class=\"fusion-layout-column fusion_builder_column fusion-builder-column-2 fusion_builder_column_1_1 1_1 fusion-flex-column\" style=\"--awb-padding-right:4%;--awb-padding-left:4%;--awb-bg-size:cover;--awb-width-large:100%;--awb-margin-top-large:0px;--awb-spacing-right-large:1.92%;--awb-margin-bottom-large:20px;--awb-spacing-left-large:1.92%;--awb-width-medium:100%;--awb-order-medium:0;--awb-spacing-right-medium:1.92%;--awb-spacing-left-medium:1.92%;--awb-width-small:100%;--awb-order-small:0;--awb-spacing-right-small:1.92%;--awb-spacing-left-small:1.92%;\" data-scroll-devices=\"small-visibility,medium-visibility,large-visibility\"><div class=\"fusion-column-wrapper fusion-column-has-shadow fusion-flex-justify-content-flex-start fusion-content-layout-column\"><div class=\"fusion-text fusion-text-2\"><p><span style=\"color: #ffffff;\">Timba est une jeune chienne pleine de vie. Elle aime sa libert\u00e9 ici, \u00e0 la campagne, ainsi que le fait d&rsquo;accompagner son \u00ab ma\u00eetre \u00bb dans la for\u00eat. Apr\u00e8s de tels apr\u00e8s-midi de b\u00fbcheronnage, Timba appr\u00e9cie le canap\u00e9 et la proximit\u00e9 avec nous. Elle aime nos petits enfants par-dessus tout &#8211; parfois, elle est encore un peu turbulente pour les petits gar\u00e7ons &#8211; tous deux apprendront \u00e0 vivre ensemble au cours des prochaines ann\u00e9es. Quand on voit Timba, on ne peut s&#8217;emp\u00eacher de l&rsquo;aimer.<\/span><\/p>\n<p><span style=\"color: #ffffff;\"> <\/span><\/p>\n<\/div><\/div><\/div><\/div><\/div>\n","protected":false},"excerpt":{"rendered":"","protected":false},"author":1,"featured_media":0,"parent":0,"menu_order":0,"comment_status":"closed","ping_status":"closed","template":"100-width.php","meta":{"footnotes":""},"class_list":["post-1998","page","type-page","status-publish","hentry"],"_links":{"self":[{"href":"https:\/\/www.little-bandit.ch\/fr\/wp-json\/wp\/v2\/pages\/1998","targetHints":{"allow":["GET"]}}],"collection":[{"href":"https:\/\/www.little-bandit.ch\/fr\/wp-json\/wp\/v2\/pages"}],"about":[{"href":"https:\/\/www.little-bandit.ch\/fr\/wp-json\/wp\/v2\/types\/page"}],"author":[{"embeddable":true,"href":"https:\/\/www.little-bandit.ch\/fr\/wp-json\/wp\/v2\/users\/1"}],"replies":[{"embeddable":true,"href":"https:\/\/www.little-bandit.ch\/fr\/wp-json\/wp\/v2\/comments?post=1998"}],"version-history":[{"count":18,"href":"https:\/\/www.little-bandit.ch\/fr\/wp-json\/wp\/v2\/pages\/1998\/revisions"}],"predecessor-version":[{"id":2074,"href":"https:\/\/www.little-bandit.ch\/fr\/wp-json\/wp\/v2\/pages\/1998\/revisions\/2074"}],"wp:attachment":[{"href":"https:\/\/www.little-bandit.ch\/fr\/wp-json\/wp\/v2\/media?parent=1998"}],"curies":[{"name":"wp","href":"https:\/\/api.w.org\/{rel}","templated":true}]}}