{"id":2013,"date":"2024-03-11T14:15:13","date_gmt":"2024-03-11T13:15:13","guid":{"rendered":"https:\/\/www.little-bandit.ch\/en-memoire\/"},"modified":"2024-04-26T16:44:36","modified_gmt":"2024-04-26T14:44:36","slug":"en-memoire","status":"publish","type":"page","link":"https:\/\/www.little-bandit.ch\/fr\/en-memoire\/","title":{"rendered":"En m\u00e9moire"},"content":{"rendered":"<p><div id=\"En m\u00e9moire\" class=\"fusion-container-anchor\"><div class=\"fusion-bg-parallax\" data-bg-align=\"left top\" data-direction=\"up\" data-mute=\"false\" data-opacity=\"100\" data-velocity=\"-0.3\" data-mobile-enabled=\"false\" data-break_parents=\"0\" data-bg-image=\"https:\/\/www.little-bandit.ch\/wp-content\/uploads\/2024\/02\/Holz-Hint-scaled.jpg\" data-bg-repeat=\"false\" data-bg-color=\"rgba(255,255,255,0.24)\" data-blend-mode=\"overlay\" ><\/div><div class=\"fusion-fullwidth fullwidth-box fusion-builder-row-1 fusion-flex-container has-pattern-background has-mask-background fusion-parallax-up nonhundred-percent-fullwidth non-hundred-percent-height-scrolling lazyload\" style=\"--awb-background-position:left top;--awb-background-blend-mode:overlay;--awb-border-sizes-top:1px;--awb-border-sizes-bottom:0px;--awb-border-sizes-left:0px;--awb-border-sizes-right:0px;--awb-border-color:#ffffff;--awb-border-radius-top-left:0px;--awb-border-radius-top-right:0px;--awb-border-radius-bottom-right:0px;--awb-border-radius-bottom-left:0px;--awb-padding-top:50px;--awb-padding-right:0px;--awb-padding-bottom:30px;--awb-padding-left:0px;--awb-background-color:rgba(255,255,255,0.24);--awb-background-size:cover;--awb-flex-wrap:wrap;\" data-bg=\"https:\/\/www.little-bandit.ch\/wp-content\/uploads\/2024\/02\/Holz-Hint-scaled.jpg\" ><div class=\"fusion-builder-row fusion-row fusion-flex-align-items-stretch fusion-flex-content-wrap\" style=\"max-width:1216.8px;margin-left: calc(-4% \/ 2 );margin-right: calc(-4% \/ 2 );\"><div class=\"fusion-layout-column fusion_builder_column fusion-builder-column-0 fusion_builder_column_1_2 1_2 fusion-flex-column fusion-flex-align-self-flex-start\" style=\"--awb-padding-top:4%;--awb-padding-right:4%;--awb-padding-bottom:4%;--awb-padding-left:04%;--awb-bg-position:center center;--awb-bg-blend:overlay;--awb-bg-size:cover;--awb-box-shadow: 0px 0px ;;--awb-width-large:50%;--awb-margin-top-large:0px;--awb-spacing-right-large:3.84%;--awb-margin-bottom-large:0px;--awb-spacing-left-large:3.84%;--awb-width-medium:100%;--awb-order-medium:0;--awb-spacing-right-medium:1.92%;--awb-spacing-left-medium:1.92%;--awb-width-small:100%;--awb-order-small:0;--awb-spacing-right-small:1.92%;--awb-spacing-left-small:1.92%;\" data-scroll-devices=\"small-visibility,medium-visibility,large-visibility\"><div class=\"fusion-column-wrapper fusion-column-has-shadow fusion-flex-justify-content-flex-start fusion-content-layout-column\"><div class=\"fusion-separator fusion-full-width-sep\" style=\"align-self: center;margin-left: auto;margin-right: auto;margin-top:50px;width:100%;\"><\/div><div class=\"fusion-image-element \" style=\"--awb-caption-title-font-family:var(--h2_typography-font-family);--awb-caption-title-font-weight:var(--h2_typography-font-weight);--awb-caption-title-font-style:var(--h2_typography-font-style);--awb-caption-title-size:var(--h2_typography-font-size);--awb-caption-title-transform:var(--h2_typography-text-transform);--awb-caption-title-line-height:var(--h2_typography-line-height);--awb-caption-title-letter-spacing:var(--h2_typography-letter-spacing);\"><span class=\" fusion-imageframe imageframe-none imageframe-1 hover-type-none fusion-animated\" data-animationType=\"fadeIn\" data-animationDuration=\"1.5\" data-animationDelay=\"0.3\" data-animationOffset=\"top-into-view\"><img decoding=\"async\" width=\"800\" height=\"533\" title=\"Enja\" src=\"https:\/\/www.little-bandit.ch\/wp-content\/uploads\/2024\/02\/Enja.jpg\" data-orig-src=\"https:\/\/www.little-bandit.ch\/wp-content\/uploads\/2024\/02\/Enja.jpg\" alt class=\"lazyload img-responsive wp-image-1887\" srcset=\"data:image\/svg+xml,%3Csvg%20xmlns%3D%27http%3A%2F%2Fwww.w3.org%2F2000%2Fsvg%27%20width%3D%27800%27%20height%3D%27533%27%20viewBox%3D%270%200%20800%20533%27%3E%3Crect%20width%3D%27800%27%20height%3D%27533%27%20fill-opacity%3D%220%22%2F%3E%3C%2Fsvg%3E\" data-srcset=\"https:\/\/www.little-bandit.ch\/wp-content\/uploads\/2024\/02\/Enja-200x133.jpg 200w, https:\/\/www.little-bandit.ch\/wp-content\/uploads\/2024\/02\/Enja-400x267.jpg 400w, https:\/\/www.little-bandit.ch\/wp-content\/uploads\/2024\/02\/Enja-600x400.jpg 600w, https:\/\/www.little-bandit.ch\/wp-content\/uploads\/2024\/02\/Enja.jpg 800w\" data-sizes=\"auto\" data-orig-sizes=\"(max-width: 1024px) 100vw, (max-width: 640px) 100vw, 600px\" \/><\/span><\/div><\/div><\/div><div class=\"fusion-layout-column fusion_builder_column fusion-builder-column-1 fusion_builder_column_1_2 1_2 fusion-flex-column\" style=\"--awb-padding-top:100px;--awb-padding-right:8%;--awb-padding-bottom:50px;--awb-padding-left:8%;--awb-bg-blend:overlay;--awb-bg-size:cover;--awb-width-large:50%;--awb-margin-top-large:0px;--awb-spacing-right-large:3.84%;--awb-margin-bottom-large:0px;--awb-spacing-left-large:3.84%;--awb-width-medium:100%;--awb-order-medium:0;--awb-spacing-right-medium:1.92%;--awb-spacing-left-medium:1.92%;--awb-width-small:100%;--awb-order-small:0;--awb-spacing-right-small:1.92%;--awb-spacing-left-small:1.92%;\" data-scroll-devices=\"small-visibility,medium-visibility,large-visibility\"><div class=\"fusion-column-wrapper fusion-column-has-shadow fusion-flex-justify-content-flex-start fusion-content-layout-column\"><div class=\"fusion-title title fusion-title-1 fusion-sep-none fusion-title-text fusion-title-size-one fusion-animated\" data-animationType=\"fadeIn\" data-animationDuration=\"1.0\" data-animationDelay=\"0.3\" data-animationOffset=\"top-into-view\"><h1 class=\"fusion-title-heading title-heading-left fusion-responsive-typography-calculated\" style=\"margin:0;text-transform:uppercase;--fontSize:35;line-height:1;\"><p><span style=\"color: #ffffff;\">En m\u00e9moire<br \/>\n<\/span><\/p><\/h1><\/div><div class=\"fusion-separator\" style=\"align-self: flex-start;margin-right:auto;margin-top:0px;margin-bottom:40px;width:100%;max-width:200px;\"><div class=\"fusion-separator-border sep-single sep-solid\" style=\"--awb-height:20px;--awb-amount:20px;--awb-sep-color:var(--awb-color4);border-color:var(--awb-color4);border-top-width:3px;\"><\/div><\/div><div class=\"fusion-text fusion-text-1\"><p><span style=\"color: #ffffff;\">Nom : <strong><span style=\"color: #c4a779;\">ENJA<\/span> from little-bandit<\/strong><\/span><br \/>\n<span style=\"color: #ffffff;\">N\u00e9e le : F\u00e9vrier 2007<\/span><br \/>\n<span style=\"color: #ffffff;\">d\u00e9c\u00e9d\u00e9e : f\u00e9vrier 2019<\/span><br \/>\n<span style=\"color: #ffffff;\">Couleur des cheveux : bring\u00e9e<\/span><br \/>\n<span style=\"color: #ffffff;\">Enja est une fille de Vicky, mais n&rsquo;a jamais eu de chiots malgr\u00e9 son autorisation d&rsquo;\u00e9levage.<\/span><\/p>\n<\/div><\/div><\/div><div class=\"fusion-layout-column fusion_builder_column fusion-builder-column-2 fusion_builder_column_1_1 1_1 fusion-flex-column\" style=\"--awb-bg-size:cover;--awb-width-large:100%;--awb-margin-top-large:0px;--awb-spacing-right-large:1.92%;--awb-margin-bottom-large:20px;--awb-spacing-left-large:1.92%;--awb-width-medium:100%;--awb-order-medium:0;--awb-spacing-right-medium:1.92%;--awb-spacing-left-medium:1.92%;--awb-width-small:100%;--awb-order-small:0;--awb-spacing-right-small:1.92%;--awb-spacing-left-small:1.92%;\"><div class=\"fusion-column-wrapper fusion-column-has-shadow fusion-flex-justify-content-flex-start fusion-content-layout-column\"><div class=\"fusion-text fusion-text-2\"><p><span style=\"color: #ffffff;\">Enja \u00e9tait tr\u00e8s sensible et la consolatrice de la famille. Elle \u00e9tait tr\u00e8s attach\u00e9e aux membres de la famille, tr\u00e8s affectueuse et tr\u00e8s gentille. Pour les chiots de PingPong, elle \u00e9tait une excellente camarade de jeu. Elle \u00e9tait \u00e9galement tr\u00e8s attentive aux personnes \u00e2g\u00e9es. Son passe-temps favori : Creuser et fouiller aussi profond\u00e9ment que possible.<\/span><\/p>\n<p><span style=\"color: #ffffff;\">Eneli &#8211; notre consolatrice &#8211; elle \u00e9tait un vrai membre de la famille.<\/span><\/p>\n<\/div><\/div><\/div><\/div><\/div><\/div><div class=\"fusion-bg-parallax\" data-bg-align=\"left top\" data-direction=\"up\" data-mute=\"false\" data-opacity=\"100\" data-velocity=\"-0.3\" data-mobile-enabled=\"false\" data-break_parents=\"0\" data-bg-image=\"https:\/\/www.little-bandit.ch\/wp-content\/uploads\/2024\/02\/Holz-Hint-scaled.jpg\" data-bg-repeat=\"false\" data-bg-color=\"rgba(255,255,255,0.24)\" data-blend-mode=\"overlay\" ><\/div><div class=\"fusion-fullwidth fullwidth-box fusion-builder-row-2 fusion-flex-container has-pattern-background has-mask-background fusion-parallax-up nonhundred-percent-fullwidth non-hundred-percent-height-scrolling lazyload\" style=\"--awb-background-position:left top;--awb-background-blend-mode:overlay;--awb-border-sizes-top:1px;--awb-border-sizes-bottom:0px;--awb-border-sizes-left:0px;--awb-border-sizes-right:0px;--awb-border-color:#ffffff;--awb-border-radius-top-left:0px;--awb-border-radius-top-right:0px;--awb-border-radius-bottom-right:0px;--awb-border-radius-bottom-left:0px;--awb-padding-top:0px;--awb-padding-right:0px;--awb-padding-bottom:30px;--awb-padding-left:0px;--awb-background-color:rgba(255,255,255,0.24);--awb-background-size:cover;--awb-flex-wrap:wrap;\" data-bg=\"https:\/\/www.little-bandit.ch\/wp-content\/uploads\/2024\/02\/Holz-Hint-scaled.jpg\" ><div class=\"fusion-builder-row fusion-row fusion-flex-align-items-stretch fusion-flex-content-wrap\" style=\"max-width:1216.8px;margin-left: calc(-4% \/ 2 );margin-right: calc(-4% \/ 2 );\"><div class=\"fusion-layout-column fusion_builder_column fusion-builder-column-3 fusion_builder_column_1_2 1_2 fusion-flex-column fusion-flex-align-self-flex-start\" style=\"--awb-padding-top:4%;--awb-padding-right:4%;--awb-padding-bottom:4%;--awb-padding-left:04%;--awb-bg-position:center center;--awb-bg-blend:overlay;--awb-bg-size:cover;--awb-box-shadow: 0px 0px ;;--awb-width-large:50%;--awb-margin-top-large:0px;--awb-spacing-right-large:3.84%;--awb-margin-bottom-large:0px;--awb-spacing-left-large:3.84%;--awb-width-medium:100%;--awb-order-medium:0;--awb-spacing-right-medium:1.92%;--awb-spacing-left-medium:1.92%;--awb-width-small:100%;--awb-order-small:0;--awb-spacing-right-small:1.92%;--awb-spacing-left-small:1.92%;\" data-scroll-devices=\"small-visibility,medium-visibility,large-visibility\"><div class=\"fusion-column-wrapper fusion-column-has-shadow fusion-flex-justify-content-flex-start fusion-content-layout-column\"><div class=\"fusion-separator fusion-full-width-sep\" style=\"align-self: center;margin-left: auto;margin-right: auto;margin-top:50px;width:100%;\"><\/div><div class=\"fusion-image-element \" style=\"--awb-caption-title-font-family:var(--h2_typography-font-family);--awb-caption-title-font-weight:var(--h2_typography-font-weight);--awb-caption-title-font-style:var(--h2_typography-font-style);--awb-caption-title-size:var(--h2_typography-font-size);--awb-caption-title-transform:var(--h2_typography-text-transform);--awb-caption-title-line-height:var(--h2_typography-line-height);--awb-caption-title-letter-spacing:var(--h2_typography-letter-spacing);\"><span class=\" fusion-imageframe imageframe-none imageframe-2 hover-type-none fusion-animated\" data-animationType=\"fadeIn\" data-animationDuration=\"1.5\" data-animationDelay=\"0.3\" data-animationOffset=\"top-into-view\"><img decoding=\"async\" width=\"600\" height=\"417\" title=\"pingi-mutter\" src=\"https:\/\/www.little-bandit.ch\/wp-content\/uploads\/2024\/02\/pingi-mutter.jpg\" data-orig-src=\"https:\/\/www.little-bandit.ch\/wp-content\/uploads\/2024\/02\/pingi-mutter.jpg\" alt class=\"lazyload img-responsive wp-image-1888\" srcset=\"data:image\/svg+xml,%3Csvg%20xmlns%3D%27http%3A%2F%2Fwww.w3.org%2F2000%2Fsvg%27%20width%3D%27600%27%20height%3D%27417%27%20viewBox%3D%270%200%20600%20417%27%3E%3Crect%20width%3D%27600%27%20height%3D%27417%27%20fill-opacity%3D%220%22%2F%3E%3C%2Fsvg%3E\" data-srcset=\"https:\/\/www.little-bandit.ch\/wp-content\/uploads\/2024\/02\/pingi-mutter-200x139.jpg 200w, https:\/\/www.little-bandit.ch\/wp-content\/uploads\/2024\/02\/pingi-mutter-400x278.jpg 400w, https:\/\/www.little-bandit.ch\/wp-content\/uploads\/2024\/02\/pingi-mutter.jpg 600w\" data-sizes=\"auto\" data-orig-sizes=\"(max-width: 1024px) 100vw, (max-width: 640px) 100vw, 600px\" \/><\/span><\/div><\/div><\/div><div class=\"fusion-layout-column fusion_builder_column fusion-builder-column-4 fusion_builder_column_1_2 1_2 fusion-flex-column\" style=\"--awb-padding-top:100px;--awb-padding-right:8%;--awb-padding-bottom:50px;--awb-padding-left:8%;--awb-bg-blend:overlay;--awb-bg-size:cover;--awb-width-large:50%;--awb-margin-top-large:0px;--awb-spacing-right-large:3.84%;--awb-margin-bottom-large:0px;--awb-spacing-left-large:3.84%;--awb-width-medium:100%;--awb-order-medium:0;--awb-spacing-right-medium:1.92%;--awb-spacing-left-medium:1.92%;--awb-width-small:100%;--awb-order-small:0;--awb-spacing-right-small:1.92%;--awb-spacing-left-small:1.92%;\" data-scroll-devices=\"small-visibility,medium-visibility,large-visibility\"><div class=\"fusion-column-wrapper fusion-column-has-shadow fusion-flex-justify-content-flex-start fusion-content-layout-column\"><div class=\"fusion-title title fusion-title-2 fusion-sep-none fusion-title-text fusion-title-size-one fusion-animated\" data-animationType=\"fadeIn\" data-animationDuration=\"1.0\" data-animationDelay=\"0.3\" data-animationOffset=\"top-into-view\"><h1 class=\"fusion-title-heading title-heading-left fusion-responsive-typography-calculated\" style=\"margin:0;text-transform:uppercase;--fontSize:35;line-height:1;\"><p><span style=\"color: #ffffff;\">En m\u00e9moire<br \/>\n<\/span><\/p><\/h1><\/div><div class=\"fusion-separator\" style=\"align-self: flex-start;margin-right:auto;margin-top:0px;margin-bottom:40px;width:100%;max-width:200px;\"><div class=\"fusion-separator-border sep-single sep-solid\" style=\"--awb-height:20px;--awb-amount:20px;--awb-sep-color:var(--awb-color4);border-color:var(--awb-color4);border-top-width:3px;\"><\/div><\/div><div class=\"fusion-text fusion-text-3\"><p><span style=\"color: #ffffff;\">Nom : <strong><span style=\"color: #c4a779;\">PING PONG<\/span> vom Spitalhof<br \/>\n<\/strong>n\u00e9 le : 23 avril 2009<\/span><br \/>\n<span style=\"color: #ffffff;\">d\u00e9c\u00e9d\u00e9e : avril 2020<\/span><br \/>\n<span style=\"color: #ffffff;\">Couleur des cheveux:blond<\/span><\/p>\n<p><span style=\"color: #ffffff;\">Pingi est une chienne d&rsquo;\u00e9levage id\u00e9ale. En 2011 et 2015, elle a donn\u00e9 naissance \u00e0 des chiots.<\/span><\/p>\n<\/div><\/div><\/div><div class=\"fusion-layout-column fusion_builder_column fusion-builder-column-5 fusion_builder_column_1_1 1_1 fusion-flex-column\" style=\"--awb-bg-size:cover;--awb-width-large:100%;--awb-margin-top-large:0px;--awb-spacing-right-large:1.92%;--awb-margin-bottom-large:20px;--awb-spacing-left-large:1.92%;--awb-width-medium:100%;--awb-order-medium:0;--awb-spacing-right-medium:1.92%;--awb-spacing-left-medium:1.92%;--awb-width-small:100%;--awb-order-small:0;--awb-spacing-right-small:1.92%;--awb-spacing-left-small:1.92%;\"><div class=\"fusion-column-wrapper fusion-column-has-shadow fusion-flex-justify-content-flex-start fusion-content-layout-column\"><div class=\"fusion-text fusion-text-4\"><p><span style=\"color: #ffffff;\">Ping Pong (appel\u00e9e Pingi) \u00e9tait notre ourson c\u00e2lin. Elle \u00e9tait tr\u00e8s amicale, active et tr\u00e8s proche de tous les membres de la famille. Elle n&rsquo;\u00e9tait absolument pas compliqu\u00e9e et s&rsquo;adaptait facilement. Elle aimait les caresses par-dessus tout et pr\u00e9f\u00e9rait se blottir entre nous pendant toute la dur\u00e9e du film.<\/span><\/p>\n<p><span style=\"color: #ffffff;\">Occupation pr\u00e9f\u00e9r\u00e9e : nous emb\u00eater, nous et les ma\u00eetres de vacances, avec sa lente gloutonnerie.<\/span><\/p>\n<p><span style=\"color: #ffffff;\">Notre ourson c\u00e2lin a emprunt\u00e9 l&rsquo;escalier arc-en-ciel pour rejoindre Vicky et Enja &#8211; c&rsquo;est le c\u0153ur lourd que nous l&rsquo;avons laiss\u00e9 partir. Malgr\u00e9 ses douleurs, elle a pu vivre avec nous les vacances dans le sud de la France. C&rsquo;\u00e9tait une chienne absolument joyeuse et ouverte.<\/span><\/p>\n<p><span style=\"color: #333399;\"> <\/span><\/p>\n<\/div><\/div><\/div><\/div><\/div><div class=\"fusion-bg-parallax\" data-bg-align=\"left top\" data-direction=\"up\" data-mute=\"false\" data-opacity=\"100\" data-velocity=\"-0.3\" data-mobile-enabled=\"false\" data-break_parents=\"0\" data-bg-image=\"https:\/\/www.little-bandit.ch\/wp-content\/uploads\/2024\/02\/Holz-Hint-scaled.jpg\" data-bg-repeat=\"false\" data-bg-color=\"rgba(255,255,255,0.24)\" data-blend-mode=\"overlay\" ><\/div><div class=\"fusion-fullwidth fullwidth-box fusion-builder-row-3 fusion-flex-container has-pattern-background has-mask-background fusion-parallax-up nonhundred-percent-fullwidth non-hundred-percent-height-scrolling lazyload\" style=\"--awb-background-position:left top;--awb-background-blend-mode:overlay;--awb-border-sizes-top:1px;--awb-border-sizes-bottom:0px;--awb-border-sizes-left:0px;--awb-border-sizes-right:0px;--awb-border-color:#ffffff;--awb-border-radius-top-left:0px;--awb-border-radius-top-right:0px;--awb-border-radius-bottom-right:0px;--awb-border-radius-bottom-left:0px;--awb-padding-top:0px;--awb-padding-right:0px;--awb-padding-bottom:30px;--awb-padding-left:0px;--awb-background-color:rgba(255,255,255,0.24);--awb-background-size:cover;--awb-flex-wrap:wrap;\" data-bg=\"https:\/\/www.little-bandit.ch\/wp-content\/uploads\/2024\/02\/Holz-Hint-scaled.jpg\" ><div class=\"fusion-builder-row fusion-row fusion-flex-align-items-stretch fusion-flex-content-wrap\" style=\"max-width:1216.8px;margin-left: calc(-4% \/ 2 );margin-right: calc(-4% \/ 2 );\"><div class=\"fusion-layout-column fusion_builder_column fusion-builder-column-6 fusion_builder_column_1_2 1_2 fusion-flex-column fusion-flex-align-self-flex-start\" style=\"--awb-padding-top:4%;--awb-padding-right:4%;--awb-padding-bottom:4%;--awb-padding-left:04%;--awb-bg-position:center center;--awb-bg-blend:overlay;--awb-bg-size:cover;--awb-box-shadow: 0px 0px ;;--awb-width-large:50%;--awb-margin-top-large:0px;--awb-spacing-right-large:3.84%;--awb-margin-bottom-large:0px;--awb-spacing-left-large:3.84%;--awb-width-medium:100%;--awb-order-medium:0;--awb-spacing-right-medium:1.92%;--awb-spacing-left-medium:1.92%;--awb-width-small:100%;--awb-order-small:0;--awb-spacing-right-small:1.92%;--awb-spacing-left-small:1.92%;\" data-scroll-devices=\"small-visibility,medium-visibility,large-visibility\"><div class=\"fusion-column-wrapper fusion-column-has-shadow fusion-flex-justify-content-flex-start fusion-content-layout-column\"><div class=\"fusion-separator fusion-full-width-sep\" style=\"align-self: center;margin-left: auto;margin-right: auto;margin-top:50px;width:100%;\"><\/div><div class=\"fusion-image-element \" style=\"--awb-caption-title-font-family:var(--h2_typography-font-family);--awb-caption-title-font-weight:var(--h2_typography-font-weight);--awb-caption-title-font-style:var(--h2_typography-font-style);--awb-caption-title-size:var(--h2_typography-font-size);--awb-caption-title-transform:var(--h2_typography-text-transform);--awb-caption-title-line-height:var(--h2_typography-line-height);--awb-caption-title-letter-spacing:var(--h2_typography-letter-spacing);\"><span class=\" fusion-imageframe imageframe-none imageframe-3 hover-type-none fusion-animated\" data-animationType=\"fadeIn\" data-animationDuration=\"1.5\" data-animationDelay=\"0.3\" data-animationOffset=\"top-into-view\"><img decoding=\"async\" width=\"800\" height=\"533\" title=\"Vicky\" src=\"https:\/\/www.little-bandit.ch\/wp-content\/uploads\/2024\/02\/Vicky.jpg\" data-orig-src=\"https:\/\/www.little-bandit.ch\/wp-content\/uploads\/2024\/02\/Vicky.jpg\" alt class=\"lazyload img-responsive wp-image-1889\" srcset=\"data:image\/svg+xml,%3Csvg%20xmlns%3D%27http%3A%2F%2Fwww.w3.org%2F2000%2Fsvg%27%20width%3D%27800%27%20height%3D%27533%27%20viewBox%3D%270%200%20800%20533%27%3E%3Crect%20width%3D%27800%27%20height%3D%27533%27%20fill-opacity%3D%220%22%2F%3E%3C%2Fsvg%3E\" data-srcset=\"https:\/\/www.little-bandit.ch\/wp-content\/uploads\/2024\/02\/Vicky-200x133.jpg 200w, https:\/\/www.little-bandit.ch\/wp-content\/uploads\/2024\/02\/Vicky-400x267.jpg 400w, https:\/\/www.little-bandit.ch\/wp-content\/uploads\/2024\/02\/Vicky-600x400.jpg 600w, https:\/\/www.little-bandit.ch\/wp-content\/uploads\/2024\/02\/Vicky.jpg 800w\" data-sizes=\"auto\" data-orig-sizes=\"(max-width: 1024px) 100vw, (max-width: 640px) 100vw, 600px\" \/><\/span><\/div><\/div><\/div><div class=\"fusion-layout-column fusion_builder_column fusion-builder-column-7 fusion_builder_column_1_2 1_2 fusion-flex-column\" style=\"--awb-padding-top:100px;--awb-padding-right:8%;--awb-padding-bottom:50px;--awb-padding-left:8%;--awb-bg-blend:overlay;--awb-bg-size:cover;--awb-width-large:50%;--awb-margin-top-large:0px;--awb-spacing-right-large:3.84%;--awb-margin-bottom-large:0px;--awb-spacing-left-large:3.84%;--awb-width-medium:100%;--awb-order-medium:0;--awb-spacing-right-medium:1.92%;--awb-spacing-left-medium:1.92%;--awb-width-small:100%;--awb-order-small:0;--awb-spacing-right-small:1.92%;--awb-spacing-left-small:1.92%;\" data-scroll-devices=\"small-visibility,medium-visibility,large-visibility\"><div class=\"fusion-column-wrapper fusion-column-has-shadow fusion-flex-justify-content-flex-start fusion-content-layout-column\"><div class=\"fusion-title title fusion-title-3 fusion-sep-none fusion-title-text fusion-title-size-one fusion-animated\" data-animationType=\"fadeIn\" data-animationDuration=\"1.0\" data-animationDelay=\"0.3\" data-animationOffset=\"top-into-view\"><h1 class=\"fusion-title-heading title-heading-left fusion-responsive-typography-calculated\" style=\"margin:0;text-transform:uppercase;--fontSize:35;line-height:1;\"><p><span style=\"color: #ffffff;\">En m\u00e9moire<br \/>\n<\/span><\/p><\/h1><\/div><div class=\"fusion-separator\" style=\"align-self: flex-start;margin-right:auto;margin-top:0px;margin-bottom:40px;width:100%;max-width:200px;\"><div class=\"fusion-separator-border sep-single sep-solid\" style=\"--awb-height:20px;--awb-amount:20px;--awb-sep-color:var(--awb-color4);border-color:var(--awb-color4);border-top-width:3px;\"><\/div><\/div><div class=\"fusion-text fusion-text-5\"><p><span style=\"color: #ffffff;\">Nom : <strong><span style=\"color: #c4a779;\">VICKY <\/span> vom Hofgut Ramstein<br \/>\n<\/strong>N\u00e9e le : 06.04.2001 d\u00e9c\u00e9d\u00e9 le 17.11.2015<\/span><br \/>\n<span style=\"color: #ffffff;\">Couleur des Poils : rouge bring\u00e9<\/span><\/p>\n<p><span style=\"color: #ffffff;\">Vicky \u00e9tait la senior de notre trio. Elle est arriv\u00e9e chez nous en 2001, a donn\u00e9 naissance \u00e0 cinq chiots et a profit\u00e9 de sa vieillesse chez nous. Jusqu&rsquo;au dernier jour, elle nous a accompagn\u00e9s lors de nos promenades quotidiennes.<\/span><\/p>\n<\/div><\/div><\/div><div class=\"fusion-layout-column fusion_builder_column fusion-builder-column-8 fusion_builder_column_1_1 1_1 fusion-flex-column\" style=\"--awb-bg-size:cover;--awb-width-large:100%;--awb-margin-top-large:0px;--awb-spacing-right-large:1.92%;--awb-margin-bottom-large:20px;--awb-spacing-left-large:1.92%;--awb-width-medium:100%;--awb-order-medium:0;--awb-spacing-right-medium:1.92%;--awb-spacing-left-medium:1.92%;--awb-width-small:100%;--awb-order-small:0;--awb-spacing-right-small:1.92%;--awb-spacing-left-small:1.92%;\"><div class=\"fusion-column-wrapper fusion-column-has-shadow fusion-flex-justify-content-flex-start fusion-content-layout-column\"><div class=\"fusion-text fusion-text-6\"><p><span style=\"color: #ffffff;\">VICKY &#8211; notre \u00ab Viddeli \u00bb a senti que son temps avec nous touchait \u00e0 sa fin. Elle nous a tant donn\u00e9 jusqu&rsquo;\u00e0 son dernier souffle. Vicky \u00e9tait une chienne formidable. Son existence nous a enrichis et nous a permis d&rsquo;apprendre beaucoup de choses sur les Cairns Terriers. Notre grande DIVA est maintenant au paradis des chiens.<\/span><\/p>\n<\/div><\/div><\/div><\/div><\/div><\/p>\n","protected":false},"excerpt":{"rendered":"","protected":false},"author":1,"featured_media":0,"parent":0,"menu_order":0,"comment_status":"closed","ping_status":"closed","template":"100-width.php","meta":{"footnotes":""},"class_list":["post-2013","page","type-page","status-publish","hentry"],"_links":{"self":[{"href":"https:\/\/www.little-bandit.ch\/fr\/wp-json\/wp\/v2\/pages\/2013","targetHints":{"allow":["GET"]}}],"collection":[{"href":"https:\/\/www.little-bandit.ch\/fr\/wp-json\/wp\/v2\/pages"}],"about":[{"href":"https:\/\/www.little-bandit.ch\/fr\/wp-json\/wp\/v2\/types\/page"}],"author":[{"embeddable":true,"href":"https:\/\/www.little-bandit.ch\/fr\/wp-json\/wp\/v2\/users\/1"}],"replies":[{"embeddable":true,"href":"https:\/\/www.little-bandit.ch\/fr\/wp-json\/wp\/v2\/comments?post=2013"}],"version-history":[{"count":5,"href":"https:\/\/www.little-bandit.ch\/fr\/wp-json\/wp\/v2\/pages\/2013\/revisions"}],"predecessor-version":[{"id":2018,"href":"https:\/\/www.little-bandit.ch\/fr\/wp-json\/wp\/v2\/pages\/2013\/revisions\/2018"}],"wp:attachment":[{"href":"https:\/\/www.little-bandit.ch\/fr\/wp-json\/wp\/v2\/media?parent=2013"}],"curies":[{"name":"wp","href":"https:\/\/api.w.org\/{rel}","templated":true}]}}