{"id":2019,"date":"2024-02-20T18:02:09","date_gmt":"2024-02-20T17:02:09","guid":{"rendered":"https:\/\/www.little-bandit.ch\/chiots\/"},"modified":"2024-11-04T15:27:38","modified_gmt":"2024-11-04T14:27:38","slug":"chiots","status":"publish","type":"page","link":"https:\/\/www.little-bandit.ch\/fr\/chiots\/","title":{"rendered":"Chiots"},"content":{"rendered":"<p><div class=\"fusion-fullwidth fullwidth-box fusion-builder-row-1 fusion-flex-container has-pattern-background has-mask-background nonhundred-percent-fullwidth non-hundred-percent-height-scrolling\" style=\"--awb-border-radius-top-left:0px;--awb-border-radius-top-right:0px;--awb-border-radius-bottom-right:0px;--awb-border-radius-bottom-left:0px;--awb-flex-wrap:wrap;\" ><div class=\"fusion-builder-row fusion-row fusion-flex-align-items-flex-start fusion-flex-content-wrap\" style=\"max-width:1216.8px;margin-left: calc(-4% \/ 2 );margin-right: calc(-4% \/ 2 );\"><div class=\"fusion-layout-column fusion_builder_column fusion-builder-column-0 fusion_builder_column_1_2 1_2 fusion-flex-column\" style=\"--awb-bg-size:cover;--awb-width-large:50%;--awb-margin-top-large:0px;--awb-spacing-right-large:3.84%;--awb-margin-bottom-large:20px;--awb-spacing-left-large:3.84%;--awb-width-medium:100%;--awb-order-medium:0;--awb-spacing-right-medium:1.92%;--awb-spacing-left-medium:1.92%;--awb-width-small:100%;--awb-order-small:0;--awb-spacing-right-small:1.92%;--awb-spacing-left-small:1.92%;\"><div class=\"fusion-column-wrapper fusion-column-has-shadow fusion-flex-justify-content-flex-start fusion-content-layout-column\"><div class=\"fusion-separator fusion-full-width-sep\" style=\"align-self: center;margin-left: auto;margin-right: auto;margin-top:50px;width:100%;\"><\/div><div class=\"fusion-title title fusion-title-1 fusion-sep-none fusion-title-text fusion-title-size-one\" style=\"--awb-text-color:var(--awb-color4);--awb-font-size:60px;\"><h1 class=\"fusion-title-heading title-heading-left fusion-responsive-typography-calculated\" style=\"font-family:&quot;Licorice&quot;;font-style:normal;font-weight:400;margin:0;font-size:1em;text-transform:none;--fontSize:60;line-height:1;\">Nos premiers chiots<\/h1><\/div><div class=\"fusion-text fusion-text-1\"><p style=\"background: white; margin: 0cm 0cm 15.0pt 0cm;\"><span style=\"font-size: 15.0pt; font-family: Raleway; color: #5c6668;\">Notre premi\u00e8re port\u00e9e de chiots est n\u00e9e le 16 mai 2003. Avec cette port\u00e9e de 3 chiots, nous avons eu l&rsquo;occasion de d\u00e9couvrir le c\u00f4t\u00e9 int\u00e9ressant en tant qu&rsquo;\u00e9leveur. Comme nous pratiquons \u00ab notre \u00e9levage \u00bb par plaisir, nous n&rsquo;avons des chiots que si toutes les circonstances sont favorables pour les chiens et pour nous. La chienne doit \u00eatre saine et forte, son caract\u00e8re doit \u00eatre bon pour sa descendance et nous savons, en tant qu&rsquo;\u00e9leveurs, que nous avons suffisamment de temps \u00e0 disposition pour les chiots.<\/span><\/p>\n<\/div><\/div><\/div><div class=\"fusion-layout-column fusion_builder_column fusion-builder-column-1 fusion_builder_column_1_2 1_2 fusion-flex-column\" style=\"--awb-bg-size:cover;--awb-width-large:50%;--awb-margin-top-large:0px;--awb-spacing-right-large:3.84%;--awb-margin-bottom-large:20px;--awb-spacing-left-large:3.84%;--awb-width-medium:100%;--awb-order-medium:0;--awb-spacing-right-medium:1.92%;--awb-spacing-left-medium:1.92%;--awb-width-small:100%;--awb-order-small:0;--awb-spacing-right-small:1.92%;--awb-spacing-left-small:1.92%;\"><div class=\"fusion-column-wrapper fusion-column-has-shadow fusion-flex-justify-content-flex-start fusion-content-layout-column\"><div class=\"fusion-separator fusion-full-width-sep\" style=\"align-self: center;margin-left: auto;margin-right: auto;margin-top:50px;width:100%;\"><\/div><div class=\"fusion-title title fusion-title-2 fusion-sep-none fusion-title-text fusion-title-size-one\" style=\"--awb-text-color:var(--awb-color4);--awb-font-size:60px;\"><h1 class=\"fusion-title-heading title-heading-left fusion-responsive-typography-calculated\" style=\"font-family:&quot;Licorice&quot;;font-style:normal;font-weight:400;margin:0;font-size:1em;text-transform:none;--fontSize:60;line-height:1;\">Les \u00e9leveurs<\/h1><\/div><div class=\"fusion-text fusion-text-2\"><p>Nous, Silvia et Martin Schwarz, habitons \u00e0 Signau (canton de Berne &#8211; au c\u0153ur de l&rsquo;Emmental). Nos enfants sont adultes et ont d\u00e9m\u00e9nag\u00e9. Notre petite ferme se trouve \u00e0 environ 2 km en dehors du village. Id\u00e9al pour commencer nos promenades quotidiennes \u00e0 partir d&rsquo;ici. Les promenades quotidiennes sont tr\u00e8s appr\u00e9ci\u00e9es par les chiens. Pour nous, en plus du quotidien professionnel, c&rsquo;est aussi une d\u00e9tente pour l&rsquo;esprit et l&rsquo;\u00e2me.<\/p>\n<\/div><\/div><\/div><\/div><\/div><div class=\"fusion-fullwidth fullwidth-box fusion-builder-row-2 fusion-flex-container has-pattern-background has-mask-background hundred-percent-fullwidth non-hundred-percent-height-scrolling\" style=\"--awb-background-position:left top;--awb-border-sizes-top:0px;--awb-border-sizes-bottom:0px;--awb-border-sizes-left:0px;--awb-border-sizes-right:0px;--awb-border-radius-top-left:0px;--awb-border-radius-top-right:0px;--awb-border-radius-bottom-right:0px;--awb-border-radius-bottom-left:0px;--awb-padding-top:50px;--awb-padding-right:5.5%;--awb-padding-bottom:50px;--awb-padding-left:5.5%;--awb-flex-wrap:wrap;\" ><div class=\"fusion-builder-row fusion-row fusion-flex-align-items-flex-start fusion-flex-content-wrap\" style=\"width:calc( 100% + 0px ) !important;max-width:calc( 100% + 0px ) !important;margin-left: calc(-0px \/ 2 );margin-right: calc(-0px \/ 2 );\"><div class=\"fusion-layout-column fusion_builder_column fusion-builder-column-2 fusion_builder_column_1_1 1_1 fusion-flex-column\" style=\"--awb-bg-blend:overlay;--awb-bg-size:cover;--awb-width-large:100%;--awb-margin-top-large:0px;--awb-spacing-right-large:0px;--awb-margin-bottom-large:20px;--awb-spacing-left-large:0px;--awb-width-medium:100%;--awb-spacing-right-medium:0px;--awb-spacing-left-medium:0px;--awb-width-small:100%;--awb-spacing-right-small:0px;--awb-spacing-left-small:0px;\"><div class=\"fusion-column-wrapper fusion-flex-justify-content-flex-start fusion-content-layout-column\"><style type=\"text\/css\">.fusion-portfolio-wrapper#fusion-portfolio-1 .fusion-portfolio-content{ padding: 25px 25px 25px 25px; text-align: left; }<\/style><div class=\"fusion-recent-works fusion-portfolio-element fusion-portfolio fusion-portfolio-1 fusion-portfolio-grid fusion-portfolio-paging-none fusion-portfolio-four fusion-portfolio-boxed fusion-portfolio-text fusion-portfolio-rollover\" data-id=\"-rw-1\" data-columns=\"four\"><style type=\"text\/css\">.fusion-portfolio-1 .fusion-portfolio-wrapper .fusion-col-spacing{padding:25px;}<\/style><div class=\"fusion-portfolio-wrapper\" id=\"fusion-portfolio-1\" data-picturesize=\"auto\" data-pages=\"1\" style=\"margin:-25px;\"><article id=\"portfolio-1-post-2048\" class=\"fusion-portfolio-post fusion-col-spacing post-2048\"><div class=\"fusion-portfolio-content-wrapper\" style=\"border:1px solid var(--awb-color3);border-bottom-width:3px;background-color:rgba(255,255,255,0);\"><span class=\"vcard rich-snippet-hidden\"><span class=\"fn\"><a href=\"https:\/\/www.little-bandit.ch\/fr\/author\/ud_admin\/\" title=\"Articles par ud_admin\" rel=\"author\">ud_admin<\/a><\/span><\/span><span class=\"updated rich-snippet-hidden\">2024-11-04T15:17:16+01:00<\/span><div  class=\"fusion-image-wrapper\" aria-haspopup=\"true\">\n\t\t\t\t<img decoding=\"async\" width=\"600\" height=\"450\" src=\"https:\/\/www.little-bandit.ch\/wp-content\/uploads\/2024\/03\/K-wurf-600x450-1.jpg\" class=\"attachment-full size-full lazyload wp-post-image\" alt=\"\" srcset=\"data:image\/svg+xml,%3Csvg%20xmlns%3D%27http%3A%2F%2Fwww.w3.org%2F2000%2Fsvg%27%20width%3D%27600%27%20height%3D%27450%27%20viewBox%3D%270%200%20600%20450%27%3E%3Crect%20width%3D%27600%27%20height%3D%27450%27%20fill-opacity%3D%220%22%2F%3E%3C%2Fsvg%3E\" data-orig-src=\"https:\/\/www.little-bandit.ch\/wp-content\/uploads\/2024\/03\/K-wurf-600x450-1.jpg\" data-srcset=\"https:\/\/www.little-bandit.ch\/wp-content\/uploads\/2024\/03\/K-wurf-600x450-1-200x150.jpg 200w, https:\/\/www.little-bandit.ch\/wp-content\/uploads\/2024\/03\/K-wurf-600x450-1-400x300.jpg 400w, https:\/\/www.little-bandit.ch\/wp-content\/uploads\/2024\/03\/K-wurf-600x450-1.jpg 600w\" data-sizes=\"auto\" \/><div class=\"fusion-rollover\">\n\t<div class=\"fusion-rollover-content\">\n\n\t\t\t\t\n\t\t\n\t\t\t\t\t\t\t\t\t\t\t\t<h4 class=\"fusion-rollover-title\">\n\t\t\t\t\t<a class=\"fusion-rollover-title-link\" href=\"https:\/\/www.little-bandit.ch\/fr\/portfolio-items\/portee-k-chiots-2024\/\">\n\t\t\t\t\t\tPort\u00e9e K Chiots 2024\t\t\t\t\t<\/a>\n\t\t\t\t<\/h4>\n\t\t\t\n\t\t\t\t\t\t\t\t\n\t\t\n\t\t\t\t\t\t<a class=\"fusion-link-wrapper\" href=\"https:\/\/www.little-bandit.ch\/fr\/portfolio-items\/portee-k-chiots-2024\/\" aria-label=\"Port\u00e9e K Chiots 2024\"><\/a>\n\t<\/div>\n<\/div>\n<\/div>\n<div class=\"fusion-portfolio-content\" style=\"background-color:rgba(255,255,255,0);\"><h2 class=\"entry-title fusion-post-title\"><a href=\"https:\/\/www.little-bandit.ch\/fr\/portfolio-items\/portee-k-chiots-2024\/\">Port\u00e9e K Chiots 2024<\/a><\/h2><div class=\"fusion-post-content\"><\/div><\/div><\/div><\/article><article id=\"portfolio-1-post-2041\" class=\"fusion-portfolio-post fusion-col-spacing post-2041\"><div class=\"fusion-portfolio-content-wrapper\" style=\"border:1px solid var(--awb-color3);border-bottom-width:3px;background-color:rgba(255,255,255,0);\"><span class=\"vcard rich-snippet-hidden\"><span class=\"fn\"><a href=\"https:\/\/www.little-bandit.ch\/fr\/author\/ud_admin\/\" title=\"Articles par ud_admin\" rel=\"author\">ud_admin<\/a><\/span><\/span><span class=\"updated rich-snippet-hidden\">2024-04-26T17:23:38+02:00<\/span><div  class=\"fusion-image-wrapper\" aria-haspopup=\"true\">\n\t\t\t\t<img decoding=\"async\" width=\"2048\" height=\"1536\" src=\"https:\/\/www.little-bandit.ch\/wp-content\/uploads\/2024\/02\/J-wurf.jpg\" class=\"attachment-full size-full lazyload wp-post-image\" alt=\"\" srcset=\"data:image\/svg+xml,%3Csvg%20xmlns%3D%27http%3A%2F%2Fwww.w3.org%2F2000%2Fsvg%27%20width%3D%272048%27%20height%3D%271536%27%20viewBox%3D%270%200%202048%201536%27%3E%3Crect%20width%3D%272048%27%20height%3D%271536%27%20fill-opacity%3D%220%22%2F%3E%3C%2Fsvg%3E\" data-orig-src=\"https:\/\/www.little-bandit.ch\/wp-content\/uploads\/2024\/02\/J-wurf.jpg\" data-srcset=\"https:\/\/www.little-bandit.ch\/wp-content\/uploads\/2024\/02\/J-wurf-200x150.jpg 200w, https:\/\/www.little-bandit.ch\/wp-content\/uploads\/2024\/02\/J-wurf-400x300.jpg 400w, https:\/\/www.little-bandit.ch\/wp-content\/uploads\/2024\/02\/J-wurf-600x450.jpg 600w, https:\/\/www.little-bandit.ch\/wp-content\/uploads\/2024\/02\/J-wurf-800x600.jpg 800w, https:\/\/www.little-bandit.ch\/wp-content\/uploads\/2024\/02\/J-wurf-1200x900.jpg 1200w, https:\/\/www.little-bandit.ch\/wp-content\/uploads\/2024\/02\/J-wurf.jpg 2048w\" data-sizes=\"auto\" \/><div class=\"fusion-rollover\">\n\t<div class=\"fusion-rollover-content\">\n\n\t\t\t\t\n\t\t\n\t\t\t\t\t\t\t\t\t\t\t\t<h4 class=\"fusion-rollover-title\">\n\t\t\t\t\t<a class=\"fusion-rollover-title-link\" href=\"https:\/\/www.little-bandit.ch\/fr\/portfolio-items\/portee-j-chiots-2023\/\">\n\t\t\t\t\t\tPort\u00e9e J Chiots 2023\t\t\t\t\t<\/a>\n\t\t\t\t<\/h4>\n\t\t\t\n\t\t\t\t\t\t\t\t\n\t\t\n\t\t\t\t\t\t<a class=\"fusion-link-wrapper\" href=\"https:\/\/www.little-bandit.ch\/fr\/portfolio-items\/portee-j-chiots-2023\/\" aria-label=\"Port\u00e9e J Chiots 2023\"><\/a>\n\t<\/div>\n<\/div>\n<\/div>\n<div class=\"fusion-portfolio-content\" style=\"background-color:rgba(255,255,255,0);\"><h2 class=\"entry-title fusion-post-title\"><a href=\"https:\/\/www.little-bandit.ch\/fr\/portfolio-items\/portee-j-chiots-2023\/\">Port\u00e9e J Chiots 2023<\/a><\/h2><div class=\"fusion-post-content\"><\/div><\/div><\/div><\/article><article id=\"portfolio-1-post-2032\" class=\"fusion-portfolio-post fusion-col-spacing post-2032\"><div class=\"fusion-portfolio-content-wrapper\" style=\"border:1px solid var(--awb-color3);border-bottom-width:3px;background-color:rgba(255,255,255,0);\"><span class=\"vcard rich-snippet-hidden\"><span class=\"fn\"><a href=\"https:\/\/www.little-bandit.ch\/fr\/author\/ud_admin\/\" title=\"Articles par ud_admin\" rel=\"author\">ud_admin<\/a><\/span><\/span><span class=\"updated rich-snippet-hidden\">2024-04-26T17:07:30+02:00<\/span><div  class=\"fusion-image-wrapper\" aria-haspopup=\"true\">\n\t\t\t\t<img decoding=\"async\" width=\"1024\" height=\"768\" src=\"https:\/\/www.little-bandit.ch\/wp-content\/uploads\/2024\/02\/Welpen-2022.jpg\" class=\"attachment-full size-full lazyload wp-post-image\" alt=\"\" srcset=\"data:image\/svg+xml,%3Csvg%20xmlns%3D%27http%3A%2F%2Fwww.w3.org%2F2000%2Fsvg%27%20width%3D%271024%27%20height%3D%27768%27%20viewBox%3D%270%200%201024%20768%27%3E%3Crect%20width%3D%271024%27%20height%3D%27768%27%20fill-opacity%3D%220%22%2F%3E%3C%2Fsvg%3E\" data-orig-src=\"https:\/\/www.little-bandit.ch\/wp-content\/uploads\/2024\/02\/Welpen-2022.jpg\" data-srcset=\"https:\/\/www.little-bandit.ch\/wp-content\/uploads\/2024\/02\/Welpen-2022-200x150.jpg 200w, https:\/\/www.little-bandit.ch\/wp-content\/uploads\/2024\/02\/Welpen-2022-400x300.jpg 400w, https:\/\/www.little-bandit.ch\/wp-content\/uploads\/2024\/02\/Welpen-2022-600x450.jpg 600w, https:\/\/www.little-bandit.ch\/wp-content\/uploads\/2024\/02\/Welpen-2022-800x600.jpg 800w, https:\/\/www.little-bandit.ch\/wp-content\/uploads\/2024\/02\/Welpen-2022.jpg 1024w\" data-sizes=\"auto\" \/><div class=\"fusion-rollover\">\n\t<div class=\"fusion-rollover-content\">\n\n\t\t\t\t\n\t\t\n\t\t\t\t\t\t\t\t\t\t\t\t<h4 class=\"fusion-rollover-title\">\n\t\t\t\t\t<a class=\"fusion-rollover-title-link\" href=\"https:\/\/www.little-bandit.ch\/fr\/portfolio-items\/portee-i-chiots-2022\/\">\n\t\t\t\t\t\tPort\u00e9e I Chiots 2022\t\t\t\t\t<\/a>\n\t\t\t\t<\/h4>\n\t\t\t\n\t\t\t\t\t\t\t\t\n\t\t\n\t\t\t\t\t\t<a class=\"fusion-link-wrapper\" href=\"https:\/\/www.little-bandit.ch\/fr\/portfolio-items\/portee-i-chiots-2022\/\" aria-label=\"Port\u00e9e I Chiots 2022\"><\/a>\n\t<\/div>\n<\/div>\n<\/div>\n<div class=\"fusion-portfolio-content\" style=\"background-color:rgba(255,255,255,0);\"><h2 class=\"entry-title fusion-post-title\"><a href=\"https:\/\/www.little-bandit.ch\/fr\/portfolio-items\/portee-i-chiots-2022\/\">Port\u00e9e I Chiots 2022<\/a><\/h2><div class=\"fusion-post-content\"><\/div><\/div><\/div><\/article><article id=\"portfolio-1-post-2026\" class=\"fusion-portfolio-post fusion-col-spacing post-2026\"><div class=\"fusion-portfolio-content-wrapper\" style=\"border:1px solid var(--awb-color3);border-bottom-width:3px;background-color:rgba(255,255,255,0);\"><span class=\"vcard rich-snippet-hidden\"><span class=\"fn\"><a href=\"https:\/\/www.little-bandit.ch\/fr\/author\/ud_admin\/\" title=\"Articles par ud_admin\" rel=\"author\">ud_admin<\/a><\/span><\/span><span class=\"updated rich-snippet-hidden\">2024-04-26T17:01:37+02:00<\/span><div  class=\"fusion-image-wrapper\" aria-haspopup=\"true\">\n\t\t\t\t<img decoding=\"async\" width=\"1024\" height=\"768\" src=\"https:\/\/www.little-bandit.ch\/wp-content\/uploads\/2016\/08\/Welpen-H-2015.jpg\" class=\"attachment-full size-full lazyload wp-post-image\" alt=\"\" srcset=\"data:image\/svg+xml,%3Csvg%20xmlns%3D%27http%3A%2F%2Fwww.w3.org%2F2000%2Fsvg%27%20width%3D%271024%27%20height%3D%27768%27%20viewBox%3D%270%200%201024%20768%27%3E%3Crect%20width%3D%271024%27%20height%3D%27768%27%20fill-opacity%3D%220%22%2F%3E%3C%2Fsvg%3E\" data-orig-src=\"https:\/\/www.little-bandit.ch\/wp-content\/uploads\/2016\/08\/Welpen-H-2015.jpg\" data-srcset=\"https:\/\/www.little-bandit.ch\/wp-content\/uploads\/2016\/08\/Welpen-H-2015-200x150.jpg 200w, https:\/\/www.little-bandit.ch\/wp-content\/uploads\/2016\/08\/Welpen-H-2015-400x300.jpg 400w, https:\/\/www.little-bandit.ch\/wp-content\/uploads\/2016\/08\/Welpen-H-2015-600x450.jpg 600w, https:\/\/www.little-bandit.ch\/wp-content\/uploads\/2016\/08\/Welpen-H-2015-800x600.jpg 800w, https:\/\/www.little-bandit.ch\/wp-content\/uploads\/2016\/08\/Welpen-H-2015.jpg 1024w\" data-sizes=\"auto\" \/><div class=\"fusion-rollover\">\n\t<div class=\"fusion-rollover-content\">\n\n\t\t\t\t\n\t\t\n\t\t\t\t\t\t\t\t\t\t\t\t<h4 class=\"fusion-rollover-title\">\n\t\t\t\t\t<a class=\"fusion-rollover-title-link\" href=\"https:\/\/www.little-bandit.ch\/fr\/portfolio-items\/portee-h-chiots-2015\/\">\n\t\t\t\t\t\tPort\u00e9e H chiots 2015\t\t\t\t\t<\/a>\n\t\t\t\t<\/h4>\n\t\t\t\n\t\t\t\t\t\t\t\t\n\t\t\n\t\t\t\t\t\t<a class=\"fusion-link-wrapper\" href=\"https:\/\/www.little-bandit.ch\/fr\/portfolio-items\/portee-h-chiots-2015\/\" aria-label=\"Port\u00e9e H chiots 2015\"><\/a>\n\t<\/div>\n<\/div>\n<\/div>\n<div class=\"fusion-portfolio-content\" style=\"background-color:rgba(255,255,255,0);\"><h2 class=\"entry-title fusion-post-title\"><a href=\"https:\/\/www.little-bandit.ch\/fr\/portfolio-items\/portee-h-chiots-2015\/\">Port\u00e9e H chiots 2015<\/a><\/h2><div class=\"fusion-post-content\"><\/div><\/div><\/div><\/article><\/div><\/div><\/div><\/div><\/div><\/div><div class=\"fusion-fullwidth fullwidth-box fusion-builder-row-3 fusion-flex-container has-pattern-background has-mask-background fusion-parallax-none nonhundred-percent-fullwidth non-hundred-percent-height-scrolling lazyload\" style=\"--awb-border-sizes-top:0px;--awb-border-sizes-bottom:0px;--awb-border-sizes-left:0px;--awb-border-sizes-right:0px;--awb-border-radius-top-left:0px;--awb-border-radius-top-right:0px;--awb-border-radius-bottom-right:0px;--awb-border-radius-bottom-left:0px;--awb-padding-top:500px;--awb-padding-bottom:300px;--awb-background-size:cover;--awb-flex-wrap:wrap;\" data-bg=\"https:\/\/www.little-bandit.ch\/wp-content\/uploads\/2024\/03\/Welpen-2023.jpg\" ><div class=\"fusion-builder-row fusion-row fusion-flex-align-items-flex-start fusion-flex-content-wrap\" style=\"max-width:calc( 1170px + 0px );margin-left: calc(-0px \/ 2 );margin-right: calc(-0px \/ 2 );\"><div class=\"fusion-layout-column fusion_builder_column fusion-builder-column-3 fusion_builder_column_1_1 1_1 fusion-flex-column\" style=\"--awb-padding-right:11%;--awb-padding-left:11%;--awb-bg-blend:overlay;--awb-bg-size:cover;--awb-width-large:100%;--awb-margin-top-large:0px;--awb-spacing-right-large:0px;--awb-margin-bottom-large:20px;--awb-spacing-left-large:0px;--awb-width-medium:100%;--awb-spacing-right-medium:0px;--awb-spacing-left-medium:0px;--awb-width-small:100%;--awb-spacing-right-small:0px;--awb-spacing-left-small:0px;\"><div class=\"fusion-column-wrapper fusion-flex-justify-content-flex-start fusion-content-layout-column\"><\/div><\/div><\/div><\/div><\/p>\n","protected":false},"excerpt":{"rendered":"","protected":false},"author":1,"featured_media":0,"parent":0,"menu_order":0,"comment_status":"closed","ping_status":"closed","template":"100-width.php","meta":{"footnotes":""},"class_list":["post-2019","page","type-page","status-publish","hentry"],"_links":{"self":[{"href":"https:\/\/www.little-bandit.ch\/fr\/wp-json\/wp\/v2\/pages\/2019","targetHints":{"allow":["GET"]}}],"collection":[{"href":"https:\/\/www.little-bandit.ch\/fr\/wp-json\/wp\/v2\/pages"}],"about":[{"href":"https:\/\/www.little-bandit.ch\/fr\/wp-json\/wp\/v2\/types\/page"}],"author":[{"embeddable":true,"href":"https:\/\/www.little-bandit.ch\/fr\/wp-json\/wp\/v2\/users\/1"}],"replies":[{"embeddable":true,"href":"https:\/\/www.little-bandit.ch\/fr\/wp-json\/wp\/v2\/comments?post=2019"}],"version-history":[{"count":5,"href":"https:\/\/www.little-bandit.ch\/fr\/wp-json\/wp\/v2\/pages\/2019\/revisions"}],"predecessor-version":[{"id":2024,"href":"https:\/\/www.little-bandit.ch\/fr\/wp-json\/wp\/v2\/pages\/2019\/revisions\/2024"}],"wp:attachment":[{"href":"https:\/\/www.little-bandit.ch\/fr\/wp-json\/wp\/v2\/media?parent=2019"}],"curies":[{"name":"wp","href":"https:\/\/api.w.org\/{rel}","templated":true}]}}